{"id":23,"date":"2023-02-03T13:20:43","date_gmt":"2021-02-03T10:20:43","guid":{"rendered":"https:\/\/safirdemo.com\/atolye\/cozum-ortaklari\/"},"modified":"2024-02-13T16:32:11","modified_gmt":"2024-02-13T13:32:11","slug":"cozum-ortaklari","status":"publish","type":"page","link":"https:\/\/adawebtasarim.com.tr\/?page_id=23","title":{"rendered":"\u00c7\u00f6z\u00fcm Ortaklar\u0131"},"content":{"rendered":"\n<p>Bu sayfada Referanslar Sayfa \u015eablonu ile olu\u015fturulmu\u015f bir galeri g\u00f6rmektesiniz. Sayfa i\u00e7ine a\u015fa\u011f\u0131daki liste gibi galeri d\u0131\u015f\u0131nda ba\u015fka elemanlar da ekleyebilirsiniz.<\/p>\n\n\n\n<figure class=\"wp-block-gallery has-nested-images columns-default wp-block-gallery-1 is-layout-flex wp-block-gallery-is-layout-flex\">\n<figure class=\"wp-block-image size-large\"><img loading=\"lazy\" decoding=\"async\" width=\"406\" height=\"300\" data-id=\"387\" src=\"https:\/\/adawebtasarim.com.tr\/wp-content\/uploads\/2022\/11\/ref11.png\" alt=\"\" class=\"wp-image-387\" srcset=\"https:\/\/adawebtasarim.com.tr\/wp-content\/uploads\/2022\/11\/ref11.png 406w, https:\/\/adawebtasarim.com.tr\/wp-content\/uploads\/2022\/11\/ref11-300x222.png 300w\" sizes=\"auto, (max-width: 406px) 100vw, 406px\" \/><\/figure>\n\n\n\n<figure class=\"wp-block-image size-large\"><img loading=\"lazy\" decoding=\"async\" width=\"678\" height=\"300\" data-id=\"386\" src=\"https:\/\/adawebtasarim.com.tr\/wp-content\/uploads\/2022\/11\/ref10.png\" alt=\"\" class=\"wp-image-386\" srcset=\"https:\/\/adawebtasarim.com.tr\/wp-content\/uploads\/2022\/11\/ref10.png 678w, https:\/\/adawebtasarim.com.tr\/wp-content\/uploads\/2022\/11\/ref10-300x133.png 300w\" sizes=\"auto, (max-width: 678px) 100vw, 678px\" \/><\/figure>\n\n\n\n<figure class=\"wp-block-image size-large\"><img loading=\"lazy\" decoding=\"async\" width=\"342\" height=\"108\" data-id=\"385\" src=\"https:\/\/adawebtasarim.com.tr\/wp-content\/uploads\/2022\/11\/ref12.png\" alt=\"\" class=\"wp-image-385\" srcset=\"https:\/\/adawebtasarim.com.tr\/wp-content\/uploads\/2022\/11\/ref12.png 342w, https:\/\/adawebtasarim.com.tr\/wp-content\/uploads\/2022\/11\/ref12-300x95.png 300w\" sizes=\"auto, (max-width: 342px) 100vw, 342px\" \/><\/figure>\n\n\n\n<figure class=\"wp-block-image size-large\"><img loading=\"lazy\" decoding=\"async\" width=\"1024\" height=\"178\" data-id=\"373\" src=\"https:\/\/adawebtasarim.com.tr\/wp-content\/uploads\/2022\/11\/ref6-1024x178.png\" alt=\"\" class=\"wp-image-373\" srcset=\"https:\/\/adawebtasarim.com.tr\/wp-content\/uploads\/2022\/11\/ref6-1024x178.png 1024w, https:\/\/adawebtasarim.com.tr\/wp-content\/uploads\/2022\/11\/ref6-300x52.png 300w, https:\/\/adawebtasarim.com.tr\/wp-content\/uploads\/2022\/11\/ref6-768x134.png 768w, https:\/\/adawebtasarim.com.tr\/wp-content\/uploads\/2022\/11\/ref6-1536x267.png 1536w, https:\/\/adawebtasarim.com.tr\/wp-content\/uploads\/2022\/11\/ref6.png 1725w\" sizes=\"auto, (max-width: 1024px) 100vw, 1024px\" \/><\/figure>\n\n\n\n<figure class=\"wp-block-image size-large\"><img loading=\"lazy\" decoding=\"async\" width=\"681\" height=\"300\" data-id=\"374\" src=\"https:\/\/adawebtasarim.com.tr\/wp-content\/uploads\/2022\/11\/ref3.png\" alt=\"\" class=\"wp-image-374\" srcset=\"https:\/\/adawebtasarim.com.tr\/wp-content\/uploads\/2022\/11\/ref3.png 681w, https:\/\/adawebtasarim.com.tr\/wp-content\/uploads\/2022\/11\/ref3-300x132.png 300w\" sizes=\"auto, (max-width: 681px) 100vw, 681px\" \/><\/figure>\n\n\n\n<figure class=\"wp-block-image size-large\"><img loading=\"lazy\" decoding=\"async\" width=\"1024\" height=\"290\" data-id=\"375\" src=\"https:\/\/adawebtasarim.com.tr\/wp-content\/uploads\/2022\/11\/ref7-1024x290.png\" alt=\"\" class=\"wp-image-375\" srcset=\"https:\/\/adawebtasarim.com.tr\/wp-content\/uploads\/2022\/11\/ref7-1024x290.png 1024w, https:\/\/adawebtasarim.com.tr\/wp-content\/uploads\/2022\/11\/ref7-300x85.png 300w, https:\/\/adawebtasarim.com.tr\/wp-content\/uploads\/2022\/11\/ref7-768x217.png 768w, https:\/\/adawebtasarim.com.tr\/wp-content\/uploads\/2022\/11\/ref7.png 1061w\" sizes=\"auto, (max-width: 1024px) 100vw, 1024px\" \/><\/figure>\n\n\n\n<figure class=\"wp-block-image size-large\"><img loading=\"lazy\" decoding=\"async\" width=\"661\" height=\"300\" data-id=\"376\" src=\"https:\/\/adawebtasarim.com.tr\/wp-content\/uploads\/2022\/11\/ref9.png\" alt=\"\" class=\"wp-image-376\" srcset=\"https:\/\/adawebtasarim.com.tr\/wp-content\/uploads\/2022\/11\/ref9.png 661w, https:\/\/adawebtasarim.com.tr\/wp-content\/uploads\/2022\/11\/ref9-300x136.png 300w\" sizes=\"auto, (max-width: 661px) 100vw, 661px\" \/><\/figure>\n\n\n\n<figure class=\"wp-block-image size-large\"><img loading=\"lazy\" decoding=\"async\" width=\"710\" height=\"300\" data-id=\"384\" src=\"https:\/\/adawebtasarim.com.tr\/wp-content\/uploads\/2022\/11\/ref8.png\" alt=\"\" class=\"wp-image-384\" srcset=\"https:\/\/adawebtasarim.com.tr\/wp-content\/uploads\/2022\/11\/ref8.png 710w, https:\/\/adawebtasarim.com.tr\/wp-content\/uploads\/2022\/11\/ref8-300x127.png 300w\" sizes=\"auto, (max-width: 710px) 100vw, 710px\" \/><\/figure>\n\n\n\n<figure class=\"wp-block-image size-large\"><img loading=\"lazy\" decoding=\"async\" width=\"1024\" height=\"245\" data-id=\"372\" src=\"https:\/\/adawebtasarim.com.tr\/wp-content\/uploads\/2022\/11\/ref5-1024x245.png\" alt=\"\" class=\"wp-image-372\" srcset=\"https:\/\/adawebtasarim.com.tr\/wp-content\/uploads\/2022\/11\/ref5-1024x245.png 1024w, https:\/\/adawebtasarim.com.tr\/wp-content\/uploads\/2022\/11\/ref5-300x72.png 300w, https:\/\/adawebtasarim.com.tr\/wp-content\/uploads\/2022\/11\/ref5-768x184.png 768w, https:\/\/adawebtasarim.com.tr\/wp-content\/uploads\/2022\/11\/ref5.png 1254w\" sizes=\"auto, (max-width: 1024px) 100vw, 1024px\" \/><\/figure>\n\n\n\n<figure class=\"wp-block-image size-large\"><img loading=\"lazy\" decoding=\"async\" width=\"1024\" height=\"394\" data-id=\"371\" src=\"https:\/\/adawebtasarim.com.tr\/wp-content\/uploads\/2022\/11\/ref4-1024x394.png\" alt=\"\" class=\"wp-image-371\" srcset=\"https:\/\/adawebtasarim.com.tr\/wp-content\/uploads\/2022\/11\/ref4-1024x394.png 1024w, https:\/\/adawebtasarim.com.tr\/wp-content\/uploads\/2022\/11\/ref4-300x115.png 300w, https:\/\/adawebtasarim.com.tr\/wp-content\/uploads\/2022\/11\/ref4-768x295.png 768w, https:\/\/adawebtasarim.com.tr\/wp-content\/uploads\/2022\/11\/ref4-1536x591.png 1536w, https:\/\/adawebtasarim.com.tr\/wp-content\/uploads\/2022\/11\/ref4-2048x788.png 2048w\" sizes=\"auto, (max-width: 1024px) 100vw, 1024px\" \/><\/figure>\n\n\n\n<figure class=\"wp-block-image size-large\"><img loading=\"lazy\" decoding=\"async\" width=\"595\" height=\"233\" data-id=\"370\" src=\"https:\/\/adawebtasarim.com.tr\/wp-content\/uploads\/2022\/11\/ref2.png\" alt=\"\" class=\"wp-image-370\" srcset=\"https:\/\/adawebtasarim.com.tr\/wp-content\/uploads\/2022\/11\/ref2.png 595w, https:\/\/adawebtasarim.com.tr\/wp-content\/uploads\/2022\/11\/ref2-300x117.png 300w\" sizes=\"auto, (max-width: 595px) 100vw, 595px\" \/><\/figure>\n\n\n\n<figure class=\"wp-block-image size-large\"><img loading=\"lazy\" decoding=\"async\" width=\"460\" height=\"259\" data-id=\"369\" src=\"https:\/\/adawebtasarim.com.tr\/wp-content\/uploads\/2022\/11\/ref1.png\" alt=\"\" class=\"wp-image-369\" srcset=\"https:\/\/adawebtasarim.com.tr\/wp-content\/uploads\/2022\/11\/ref1.png 460w, https:\/\/adawebtasarim.com.tr\/wp-content\/uploads\/2022\/11\/ref1-300x169.png 300w\" sizes=\"auto, (max-width: 460px) 100vw, 460px\" \/><\/figure>\n<\/figure>\n\n\n<div style=\"color:var(--headColor);\" class=\"wp-block-safirtema-mainheading has-text-color\">\n\t<div class=\"singleHeading\">\n\t\t<div class=\"inner\">\n\t\t\t<span class=\"safiricon icon\"><svg class=\"safiricon-anlasma\"><use href=\"#safiricon-anlasma\"><\/use><\/svg><\/span>\t\t\t<div class=\"text\">\u00c7al\u0131\u015fma Ortaklar\u0131<\/div>\n\t\t<\/div>\n\t<\/div>\n<\/div>\n\n\n<div class=\"safir-list\" data-col=\"4\"><ul class=\"wp-block-list\">\n<li>Supreme<\/li>\n\n\n\n<li>BusAssist<\/li>\n\n\n\n<li><a href=\"#\">Realtor<\/a><\/li>\n\n\n\n<li>Global Life<\/li>\n\n\n\n<li>Bromwell<\/li>\n\n\n\n<li>Triptels<\/li>\n\n\n\n<li>Change<\/li>\n\n\n\n<li>Novolex<\/li>\n\n\n\n<li>Gasin<\/li>\n\n\n\n<li>Envoy<\/li>\n\n\n\n<li>Telia <\/li>\n\n\n\n<li>Brio<\/li>\n<\/ul><\/div>\n","protected":false},"excerpt":{"rendered":"<p>Bu sayfada Referanslar Sayfa \u015eablonu ile olu\u015fturulmu\u015f bir galeri g\u00f6rmektesiniz. Sayfa i\u00e7ine a\u015fa\u011f\u0131daki liste gibi galeri d\u0131\u015f\u0131nda ba\u015fka elemanlar da ekleyebilirsiniz.<\/p>\n","protected":false},"author":1,"featured_media":0,"parent":0,"menu_order":0,"comment_status":"closed","ping_status":"closed","template":"pages\/page-references.php","meta":{"footnotes":""},"class_list":["post-23","page","type-page","status-publish","hentry"],"_links":{"self":[{"href":"https:\/\/adawebtasarim.com.tr\/index.php?rest_route=\/wp\/v2\/pages\/23","targetHints":{"allow":["GET"]}}],"collection":[{"href":"https:\/\/adawebtasarim.com.tr\/index.php?rest_route=\/wp\/v2\/pages"}],"about":[{"href":"https:\/\/adawebtasarim.com.tr\/index.php?rest_route=\/wp\/v2\/types\/page"}],"author":[{"embeddable":true,"href":"https:\/\/adawebtasarim.com.tr\/index.php?rest_route=\/wp\/v2\/users\/1"}],"replies":[{"embeddable":true,"href":"https:\/\/adawebtasarim.com.tr\/index.php?rest_route=%2Fwp%2Fv2%2Fcomments&post=23"}],"version-history":[{"count":6,"href":"https:\/\/adawebtasarim.com.tr\/index.php?rest_route=\/wp\/v2\/pages\/23\/revisions"}],"predecessor-version":[{"id":484,"href":"https:\/\/adawebtasarim.com.tr\/index.php?rest_route=\/wp\/v2\/pages\/23\/revisions\/484"}],"wp:attachment":[{"href":"https:\/\/adawebtasarim.com.tr\/index.php?rest_route=%2Fwp%2Fv2%2Fmedia&parent=23"}],"curies":[{"name":"wp","href":"https:\/\/api.w.org\/{rel}","templated":true}]}}